{"id":4477,"date":"2025-02-06T13:56:34","date_gmt":"2025-02-06T13:56:34","guid":{"rendered":"https:\/\/vinna.fi.is\/?page_id=4477"},"modified":"2025-12-17T13:53:09","modified_gmt":"2025-12-17T13:53:09","slug":"privacy_policy","status":"publish","type":"page","link":"https:\/\/vinna.fi.is\/en\/privacy_policy\/","title":{"rendered":"Privacy Policy"},"content":{"rendered":"<div data-elementor-type=\"wp-page\" data-elementor-id=\"4477\" class=\"elementor elementor-4477\" data-elementor-post-type=\"page\">\n\t\t\t\t<div class=\"elementor-element elementor-element-30741ca e-con-full e-flex e-con e-parent\" data-id=\"30741ca\" data-element_type=\"container\" data-e-type=\"container\" data-settings=\"{&quot;background_background&quot;:&quot;classic&quot;}\">\n\t\t<div class=\"elementor-element elementor-element-612ef9c e-con-full e-flex e-con e-child\" data-id=\"612ef9c\" data-element_type=\"container\" data-e-type=\"container\" data-settings=\"{&quot;background_background&quot;:&quot;classic&quot;}\">\n\t\t\t\t<div class=\"elementor-element elementor-element-7e0196c elementor-widget elementor-widget-heading\" data-id=\"7e0196c\" data-element_type=\"widget\" data-e-type=\"widget\" data-widget_type=\"heading.default\">\n\t\t\t\t<div class=\"elementor-widget-container\">\n\t\t\t\t\t<h1 class=\"elementor-heading-title elementor-size-default\">Website Policy<\/h1>\t\t\t\t<\/div>\n\t\t\t\t<\/div>\n\t\t\t\t<div class=\"elementor-element elementor-element-b3d4fbd elementor-widget elementor-widget-text-editor\" data-id=\"b3d4fbd\" data-element_type=\"widget\" data-e-type=\"widget\" data-widget_type=\"text-editor.default\">\n\t\t\t\t<div class=\"elementor-widget-container\">\n\t\t\t\t\t\t\t\t\t<ul>\n<li>The material on this website is only intended for general information and use. It may change without notice.<\/li>\n<li>On the page may be errors or inaccuracies and Touring of Iceland provides neither warranty nor guaranty in respect of the information and material contained on the web site.<\/li>\n<li>The use of any information or materials on the website is entirely at your own risk. That and to ensure that any products, services or information available through the website meet your requirements.<\/li>\n<li>This website contains material that F\u00cd owns or has permission to use. Among this material are the details, the design, layout, complexion, appearance and visual representation of the embodiment. If material from this site is used then the source must be mentioned.<\/li>\n<li>Unauthorised use of the website may lead to a claim and\/or may be punishable act.<\/li>\n<li>This website contains links to other websites. These links are meant for your convenience to provide further information. It does not mean that we support these websites. We bear no responsibility for the content of linked websites.<\/li>\n<li>Your use of this website and any dispute resulting from such use falls under Icelandic law.<\/li>\n<\/ul>\t\t\t\t\t\t\t\t<\/div>\n\t\t\t\t<\/div>\n\t\t\t\t<\/div>\n\t\t<div class=\"elementor-element elementor-element-5a01906 e-con-full elementor-hidden-tablet elementor-hidden-mobile e-flex e-con e-child\" data-id=\"5a01906\" data-element_type=\"container\" data-e-type=\"container\" data-settings=\"{&quot;background_background&quot;:&quot;classic&quot;}\">\n\t\t\t\t<\/div>\n\t\t\t\t<\/div>\n\t\t<div class=\"elementor-element elementor-element-dec2773 e-con-full e-flex e-con e-parent\" data-id=\"dec2773\" data-element_type=\"container\" data-e-type=\"container\">\n\t\t\t\t<div class=\"elementor-element elementor-element-05e7e2c elementor-widget elementor-widget-text-editor\" data-id=\"05e7e2c\" data-element_type=\"widget\" data-e-type=\"widget\" data-widget_type=\"text-editor.default\">\n\t\t\t\t<div class=\"elementor-widget-container\">\n\t\t\t\t\t\t\t\t\t<h1>Privacy policy<\/h1>\n<p>Fer\u00f0af\u00e9lag \u00cdslands treats personal information in accordance with the law nr. 77\/2000 about privacy and treatment of personal data.<\/p>\n<p>In cases where the personal data are recorded, e.g. due to inquiries, registration for tours or on the waiting list, in which you need to register your name, address, email address or other pers\u00f3nutengdar information, commits Fer\u00f0af\u00e9lagi\u00f0 themselves in order to preserve the above-mentioned information on the safe and secure way and will not pass on information which recorded to have been to a third party without the consent of the affected party, or in the wake of a court order. All information collected through the forms of the website, such as the registration in the project or on the waiting list is deleted when the registration in the task or journey is over, or at the latest at the end of each year.<\/p>\n<p>We collect information about each visitor to our site. This information may include IP addresses of the user. This information is only collected for security reasons and for the error diagnostics. This site also uses cookies for necessary functionality and the collection of statistical and sharing on social media. See more of our browser cookie policy below.<\/p>\n<p>The processing of data takes place so long as the user does not oppose to the treatment of the information. If the user wishes to comment on the handling of personal data communicated or requests that their personal information will be deleted then please contact us on: fi@fi.is.<\/p>\n<p>Partners that this website uses and are necessary for normal function:<\/p>\n<ul>\n<li>Amazon AWS cloud hosting \u2013 web hosting (Privacy Shield certified).<\/li>\n<li>Bugsnag \u2013 error handling (Privacy Shield certified).<\/li>\n<li>New Relic \u2013 monitoring performance and the traffic site (Privacy Shield certified).<\/li>\n<\/ul>\n<p>Partners which this website uses for the statistical information and sharing on social media:<\/p>\n<ul>\n<li>Google Analytics &#8211; Umfer\u00f0 og t\u00f6lfr\u00e6\u00f0iuppl\u00fdsingar (Privacy Shield votta\u00f0).&nbsp;<\/li>\n<li>AddThis &#8211; Deila efni \u00e1 samf\u00e9lagsmi\u00f0lum.&nbsp;<\/li>\n<\/ul>\n<h2>&nbsp;<\/h2>\n<h1>Browser Cookie Policy<\/h1>\n<p>This website (www.fi.is) uses cookies to ensure the best experience of the site for users.<\/p>\n<h3>Cookies<\/h3>\n<p>Cookies are small information packages, which browsers save at the request of the site. The web server can then use this information from the browser for further processing. In general we can classify cookies into four categories; the necessary, performance - and usage-enhancing, statistical and marketing purposes. Cookies store information about the settings of the user, the statistics of visits, identification of logged in users, etc. The cookies are also often necessary to be able to offer a variety of activity and prevent hacker attacks. The browser deletes the cookie when the lifetime of it runs out. Each cookie is restricted to the web server that sent the cookie, and only that web server is able to see the cookie.<\/p>\n<p>If you are not satisfied with the use of some cookies on the website you can close them or deleted from your browser. Note that it can inhibit the functionality of this website.<\/p>\n<p>To adjust the cookies in Google Chrome:<\/p>\n<ol>\n<li>Go to the \"Customize and control Google Ghrome\"<\/li>\n<li>-&gt; Settings<\/li>\n<li>-&gt; Advanced<\/li>\n<li>-&gt; Content settings<\/li>\n<li>-&gt; Cookies<\/li>\n<\/ol>\n<p>Information about how to configure may be other web browsers can be found at the website about cookies: allaboutcookies.org.<\/p>\n<p>The cookies that the website www.fi.is uses are the following:<\/p>\n<h3>Necessary cookies<\/h3>\n<p>Necessary cookies have all originates from fi.is and are used to display the website itself:<\/p>\n<p>Cakes The Origin Of The Purpose Of The<br>JSESSIONID, PHPSESSID, __atrfs fi.en the Functionality of the website<\/p>\n<h3>Performance and Usage Enhancing Cookies<\/h3>\n<p>Fer\u00f0af\u00e9lagi\u00f0 setur eina k\u00f6ku til a\u00f0 muna ef vafrak\u00f6kur hafa veri\u00f0 sam\u00feykktar og notar einnig \u00fej\u00f3nustu fr\u00e1 Addthis.com til a\u00f0 bj\u00f3\u00f0a upp \u00e1 deilingu \u00e1 fr\u00e9ttum og \u00f6\u00f0ru efni \u00e1 samf\u00e9lagsmi\u00f0lum.&nbsp;<\/p>\t\t\t\t\t\t\t\t<\/div>\n\t\t\t\t<\/div>\n\t\t\t\t<\/div>\n\t\t<div class=\"elementor-element elementor-element-9b98c25 e-con-full e-flex e-con e-parent\" data-id=\"9b98c25\" data-element_type=\"container\" data-e-type=\"container\">\n\t\t\t\t<\/div>\n\t\t\t\t<\/div>","protected":false},"excerpt":{"rendered":"<p>Vefs\u00ed\u00f0ustefna Efni\u00f0 \u00e1 \u00feessari vefs\u00ed\u00f0u er einungis \u00e6tla\u00f0 til almennra uppl\u00fdsinga og notkunar. \u00dea\u00f0 getur breyst \u00e1n fyrirvara. \u00c1 s\u00ed\u00f0unni geta leynst skekkjur e\u00f0a \u00f3n\u00e1kv\u00e6mni og Fer\u00f0af\u00e9lag \u00cdslands veitir hvorki \u00e1byrg\u00f0 n\u00e9 tryggingu a\u00f0 \u00fev\u00ed er var\u00f0ar \u00fe\u00e6r uppl\u00fdsingar og efni sem finna m\u00e1 \u00e1 vefs\u00ed\u00f0unni. Notkun \u00e1 hvers kyns uppl\u00fdsingum e\u00f0a efni \u00e1 vefs\u00ed\u00f0unni [&hellip;]<\/p>\n","protected":false},"author":3,"featured_media":0,"parent":0,"menu_order":0,"comment_status":"closed","ping_status":"closed","template":"elementor_header_footer","meta":{"footnotes":""},"class_list":["post-4477","page","type-page","status-publish","hentry"],"_links":{"self":[{"href":"https:\/\/vinna.fi.is\/en\/wp-json\/wp\/v2\/pages\/4477","targetHints":{"allow":["GET"]}}],"collection":[{"href":"https:\/\/vinna.fi.is\/en\/wp-json\/wp\/v2\/pages"}],"about":[{"href":"https:\/\/vinna.fi.is\/en\/wp-json\/wp\/v2\/types\/page"}],"author":[{"embeddable":true,"href":"https:\/\/vinna.fi.is\/en\/wp-json\/wp\/v2\/users\/3"}],"replies":[{"embeddable":true,"href":"https:\/\/vinna.fi.is\/en\/wp-json\/wp\/v2\/comments?post=4477"}],"version-history":[{"count":0,"href":"https:\/\/vinna.fi.is\/en\/wp-json\/wp\/v2\/pages\/4477\/revisions"}],"wp:attachment":[{"href":"https:\/\/vinna.fi.is\/en\/wp-json\/wp\/v2\/media?parent=4477"}],"curies":[{"name":"wp","href":"https:\/\/api.w.org\/{rel}","templated":true}]}}