{"id":86,"date":"2024-08-31T15:24:29","date_gmt":"2024-08-31T15:24:29","guid":{"rendered":"http:\/\/fi-is.earle.shared.1984.is\/my-account\/"},"modified":"2026-03-14T15:07:01","modified_gmt":"2026-03-14T15:07:01","slug":"my-account","status":"publish","type":"page","link":"https:\/\/vinna.fi.is\/en\/my-account\/","title":{"rendered":"My account"},"content":{"rendered":"<div data-elementor-type=\"wp-page\" data-elementor-id=\"86\" class=\"elementor elementor-86\" data-elementor-post-type=\"page\">\n\t\t\t\t<div class=\"elementor-element elementor-element-216b237 e-con-full e-flex e-con e-child\" data-id=\"216b237\" data-element_type=\"container\" data-e-type=\"container\" data-settings=\"{&quot;background_background&quot;:&quot;classic&quot;}\">\n\t\t<div class=\"elementor-element elementor-element-c11c1f5 e-con-full fi-orderinfo e-flex e-con e-child\" data-id=\"c11c1f5\" data-element_type=\"container\" data-e-type=\"container\" data-settings=\"{&quot;background_background&quot;:&quot;classic&quot;}\">\n\t\t<div class=\"elementor-element elementor-element-e7d38e0 e-con-full e-flex e-con e-child\" data-id=\"e7d38e0\" data-element_type=\"container\" data-e-type=\"container\" data-settings=\"{&quot;position&quot;:&quot;absolute&quot;}\">\n\t\t<div class=\"elementor-element elementor-element-d0b241b e-con-full e-flex e-con e-child\" data-id=\"d0b241b\" data-element_type=\"container\" data-e-type=\"container\" data-settings=\"{&quot;background_background&quot;:&quot;gradient&quot;,&quot;position&quot;:&quot;absolute&quot;}\">\n\t\t\t\t<\/div>\n\t\t\t\t<\/div>\n\t\t\t\t<div class=\"elementor-element elementor-element-37c2a41 elementor-absolute elementor-hidden-tablet elementor-hidden-mobile elementor-widget elementor-widget-image\" data-id=\"37c2a41\" data-element_type=\"widget\" data-e-type=\"widget\" data-settings=\"{&quot;_position&quot;:&quot;absolute&quot;}\" data-widget_type=\"image.default\">\n\t\t\t\t<div class=\"elementor-widget-container\">\n\t\t\t\t\t\t\t\t\t\t\t\t\t\t\t<img fetchpriority=\"high\" decoding=\"async\" width=\"500\" height=\"500\" src=\"https:\/\/vinna.fi.is\/wp-content\/uploads\/2024\/09\/white-cutout.png\" class=\"attachment-large size-large wp-image-2466\" alt=\"\" srcset=\"https:\/\/vinna.fi.is\/wp-content\/uploads\/2024\/09\/white-cutout.png.webp 500w, https:\/\/vinna.fi.is\/wp-content\/uploads\/2024\/09\/white-cutout-300x300.png.webp 300w, https:\/\/vinna.fi.is\/wp-content\/uploads\/2024\/09\/white-cutout-150x150.png.webp 150w, https:\/\/vinna.fi.is\/wp-content\/uploads\/2024\/09\/white-cutout-12x12.png.webp 12w, https:\/\/vinna.fi.is\/wp-content\/uploads\/2024\/09\/white-cutout-100x100.png.webp 100w\" sizes=\"(max-width: 500px) 100vw, 500px\" \/>\t\t\t\t\t\t\t\t\t\t\t\t\t\t\t<\/div>\n\t\t\t\t<\/div>\n\t\t\t\t<\/div>\n\t\t<div class=\"elementor-element elementor-element-896345e e-con-full fi-orderbook e-flex e-con e-child\" data-id=\"896345e\" data-element_type=\"container\" data-e-type=\"container\" data-settings=\"{&quot;background_background&quot;:&quot;classic&quot;}\">\n\t\t<div class=\"elementor-element elementor-element-d65a47a e-con-full e-flex e-con e-child\" data-id=\"d65a47a\" data-element_type=\"container\" data-e-type=\"container\">\n\t\t\t\t<div class=\"elementor-element elementor-element-14b2f89 elementor-widget elementor-widget-heading\" data-id=\"14b2f89\" data-element_type=\"widget\" data-e-type=\"widget\" data-widget_type=\"heading.default\">\n\t\t\t\t<div class=\"elementor-widget-container\">\n\t\t\t\t\t<h1 class=\"elementor-heading-title elementor-size-default\">My pages<\/h1>\t\t\t\t<\/div>\n\t\t\t\t<\/div>\n\t\t\t\t<\/div>\n\t\t<div class=\"elementor-element elementor-element-bd034cf e-con-full e-flex e-con e-child\" data-id=\"bd034cf\" data-element_type=\"container\" data-e-type=\"container\" data-settings=\"{&quot;background_background&quot;:&quot;classic&quot;}\">\n\t\t\t\t<div class=\"elementor-element elementor-element-172b048 e-my-account-tabs-horizontal elementor-widget elementor-widget-woocommerce-my-account\" data-id=\"172b048\" data-element_type=\"widget\" data-e-type=\"widget\" data-settings=\"{&quot;customize_dashboard_check&quot;:&quot;yes&quot;}\" data-widget_type=\"woocommerce-my-account.default\">\n\t\t\t\t<div class=\"elementor-widget-container\">\n\t\t\t\t\t<div class=\"e-my-account-tab e-my-account-tab__\">\t\t\t<div class=\"woocommerce\"><\/div>\t\t<\/div>\n\t\t\t\t\t\t<\/div>\n\t\t\t\t<\/div>\n\t\t\t\t<\/div>\n\t\t\t\t<\/div>\n\t\t\t\t<\/div>\n\t\t\t\t<\/div>","protected":false},"excerpt":{"rendered":"<p>M\u00ednar s\u00ed\u00f0ur Velkomin(n) B\u00f3kanir Heimilisfang \u00de\u00ednar uppl\u00fdsingar \u00datskr\u00e1ning Velkomin(n) B\u00f3kanir Heimilisfang \u00de\u00ednar uppl\u00fdsingar \u00datskr\u00e1ning Hello Magnus Bergsson (not Magnus Bergsson? Log out) From your account dashboard you can view your recent orders, manage your shipping and billing addresses, and edit your password and account details.<\/p>","protected":false},"author":1,"featured_media":0,"parent":0,"menu_order":0,"comment_status":"closed","ping_status":"closed","template":"elementor_header_footer","meta":{"footnotes":""},"class_list":["post-86","page","type-page","status-publish","hentry"],"_links":{"self":[{"href":"https:\/\/vinna.fi.is\/en\/wp-json\/wp\/v2\/pages\/86","targetHints":{"allow":["GET"]}}],"collection":[{"href":"https:\/\/vinna.fi.is\/en\/wp-json\/wp\/v2\/pages"}],"about":[{"href":"https:\/\/vinna.fi.is\/en\/wp-json\/wp\/v2\/types\/page"}],"author":[{"embeddable":true,"href":"https:\/\/vinna.fi.is\/en\/wp-json\/wp\/v2\/users\/1"}],"replies":[{"embeddable":true,"href":"https:\/\/vinna.fi.is\/en\/wp-json\/wp\/v2\/comments?post=86"}],"version-history":[{"count":177,"href":"https:\/\/vinna.fi.is\/en\/wp-json\/wp\/v2\/pages\/86\/revisions"}],"predecessor-version":[{"id":27420,"href":"https:\/\/vinna.fi.is\/en\/wp-json\/wp\/v2\/pages\/86\/revisions\/27420"}],"wp:attachment":[{"href":"https:\/\/vinna.fi.is\/en\/wp-json\/wp\/v2\/media?parent=86"}],"curies":[{"name":"wp","href":"https:\/\/api.w.org\/{rel}","templated":true}]}}