{"id":20071,"date":"2026-02-25T13:50:04","date_gmt":"2026-02-25T13:50:04","guid":{"rendered":"https:\/\/vinna.fi.is\/?post_type=product&#038;p=20071"},"modified":"2026-03-23T15:07:03","modified_gmt":"2026-03-23T15:07:03","slug":"laugavegur-skalar-6","status":"publish","type":"product","link":"https:\/\/vinna.fi.is\/en\/vorur\/pakkaferdir\/skalar-pakkaferdir\/laugavegur-skalar-6\/","title":{"rendered":"Laugavegur \/ 4 nights"},"content":{"rendered":"<p>Includes accommodation in the following huts:<\/p>\n<ul>\n<li>Day 1: Hrafntinnusker<\/li>\n<li>Day 2: \u00c1lftavatn<\/li>\n<li>Day 3: Emstrur<\/li>\n<li>Day 4: \u00de\u00f3rsm\u00f6rk<\/li>\n<\/ul>","protected":false},"excerpt":{"rendered":"<ol>\n<li><strong>Total cost<br \/>\n<\/strong>\u2013 Adults: <strong>kr. 68.000<br \/>\n<\/strong>\u2013 Teens and children:<strong> kr. 34.000<br \/>\n<\/strong>\u2013 Children: <strong>Free\u00a0<\/strong><\/li>\n<li><strong>Booking more accommodations<br \/>\n<\/strong>Each booking can not exceed 6 guests.  To book for more then please make a second booking.<\/li>\n<\/ol>\n<p>&nbsp;<\/p>","protected":false},"featured_media":21385,"template":"","meta":[],"product_brand":[142],"product_cat":[139,170],"product_tag":[162,159,160,161],"class_list":{"0":"post-20071","1":"product","2":"type-product","3":"status-publish","4":"has-post-thumbnail","6":"product_brand-pakkaferdir","7":"product_cat-pakkaferdir","8":"product_cat-skalar-pakkaferdir","9":"product_tag-dagur-1-hrafntinnusker","10":"product_tag-dagur-2-alftavatn","11":"product_tag-dagur-3-emstrur","12":"product_tag-dagur-4-thorsmork","14":"first","15":"instock","16":"virtual","17":"purchasable","18":"product-type-phive_booking_package"},"_links":{"self":[{"href":"https:\/\/vinna.fi.is\/en\/wp-json\/wp\/v2\/product\/20071","targetHints":{"allow":["GET"]}}],"collection":[{"href":"https:\/\/vinna.fi.is\/en\/wp-json\/wp\/v2\/product"}],"about":[{"href":"https:\/\/vinna.fi.is\/en\/wp-json\/wp\/v2\/types\/product"}],"wp:featuredmedia":[{"embeddable":true,"href":"https:\/\/vinna.fi.is\/en\/wp-json\/wp\/v2\/media\/21385"}],"wp:attachment":[{"href":"https:\/\/vinna.fi.is\/en\/wp-json\/wp\/v2\/media?parent=20071"}],"wp:term":[{"taxonomy":"product_brand","embeddable":true,"href":"https:\/\/vinna.fi.is\/en\/wp-json\/wp\/v2\/product_brand?post=20071"},{"taxonomy":"product_cat","embeddable":true,"href":"https:\/\/vinna.fi.is\/en\/wp-json\/wp\/v2\/product_cat?post=20071"},{"taxonomy":"product_tag","embeddable":true,"href":"https:\/\/vinna.fi.is\/en\/wp-json\/wp\/v2\/product_tag?post=20071"}],"curies":[{"name":"wp","href":"https:\/\/api.w.org\/{rel}","templated":true}]}}