{"id":20296,"date":"2026-02-26T16:10:19","date_gmt":"2026-02-26T16:10:19","guid":{"rendered":"https:\/\/vinna.fi.is\/?post_type=product&#038;p=20296"},"modified":"2026-03-19T16:56:40","modified_gmt":"2026-03-19T16:56:40","slug":"laugavegur-skalar-11","status":"publish","type":"product","link":"https:\/\/vinna.fi.is\/en\/vorur\/pakkaferdir\/skalar-pakkaferdir\/laugavegur-skalar-11\/","title":{"rendered":"Fimmv\u00f6r\u00f0uh\u00e1ls \/ Cabins \/ #01"},"content":{"rendered":"<p>Fimmv\u00f6r\u00f0uh\u00e1ls<\/p>\n<p>Includes accommodations in the following cabins:<\/p>\n<ul>\n<li>Day 1: \u00de\u00f3rsm\u00f6rk<\/li>\n<li>Day 2: Baldvinssk\u00e1li<\/li>\n<\/ul>","protected":false},"excerpt":{"rendered":"<ol>\n<li><strong>Total cost<br \/>\n<\/strong>\u2013 Adults: <strong>kr. 34.000<br \/>\n<\/strong>\u2013 Teens and children:<strong> kr. 17.000<br \/>\n<\/strong>\u2013 Children: <strong>Free\u00a0<\/strong><\/li>\n<li><strong>Booking more accommodations<br \/>\n<\/strong>Each booking can not exceed 6 guests.  To book for more then please make a second booking.<\/li>\n<\/ol>\n<p>&nbsp;<\/p>","protected":false},"featured_media":21154,"template":"","meta":[],"product_brand":[142],"product_cat":[139,170],"product_tag":[167,168],"class_list":{"0":"post-20296","1":"product","2":"type-product","3":"status-publish","4":"has-post-thumbnail","6":"product_brand-pakkaferdir","7":"product_cat-pakkaferdir","8":"product_cat-skalar-pakkaferdir","9":"product_tag-dagur-1-thorsmork","10":"product_tag-dagur-2-baldvinsskali","12":"first","13":"instock","14":"virtual","15":"purchasable","16":"product-type-phive_booking_package"},"_links":{"self":[{"href":"https:\/\/vinna.fi.is\/en\/wp-json\/wp\/v2\/product\/20296","targetHints":{"allow":["GET"]}}],"collection":[{"href":"https:\/\/vinna.fi.is\/en\/wp-json\/wp\/v2\/product"}],"about":[{"href":"https:\/\/vinna.fi.is\/en\/wp-json\/wp\/v2\/types\/product"}],"wp:featuredmedia":[{"embeddable":true,"href":"https:\/\/vinna.fi.is\/en\/wp-json\/wp\/v2\/media\/21154"}],"wp:attachment":[{"href":"https:\/\/vinna.fi.is\/en\/wp-json\/wp\/v2\/media?parent=20296"}],"wp:term":[{"taxonomy":"product_brand","embeddable":true,"href":"https:\/\/vinna.fi.is\/en\/wp-json\/wp\/v2\/product_brand?post=20296"},{"taxonomy":"product_cat","embeddable":true,"href":"https:\/\/vinna.fi.is\/en\/wp-json\/wp\/v2\/product_cat?post=20296"},{"taxonomy":"product_tag","embeddable":true,"href":"https:\/\/vinna.fi.is\/en\/wp-json\/wp\/v2\/product_tag?post=20296"}],"curies":[{"name":"wp","href":"https:\/\/api.w.org\/{rel}","templated":true}]}}