{"id":9576,"date":"2026-02-03T12:10:03","date_gmt":"2026-02-03T12:10:03","guid":{"rendered":"https:\/\/vinna.fi.is\/?post_type=product&#038;p=9576"},"modified":"2026-03-23T16:10:47","modified_gmt":"2026-03-23T16:10:47","slug":"laugavegur-tjold-01","status":"publish","type":"product","link":"https:\/\/vinna.fi.is\/en\/vorur\/pakkaferdir\/tjold-pakkaferdir\/laugavegur-tjold-01\/","title":{"rendered":"Laugavegur \/ 5 nights"},"content":{"rendered":"<p>Includes accommodation at the following campsites:<\/p>\n<ul>\n<li>Day 1: Landmannalaugar<\/li>\n<li>Day 2: Hrafntinnusker<\/li>\n<li>Day 3: \u00c1lftavatn<\/li>\n<li>Day 4: Emstrur<\/li>\n<li>Day 5: \u00de\u00f3rsm\u00f6rk<\/li>\n<\/ul>","protected":false},"excerpt":{"rendered":"<ol>\n<li><strong>Total cost<br \/>\n<\/strong>\u2013 Adults: <strong>kr. 17.000<br \/>\n<\/strong>\u2013 Teens and children:<strong> kr. 8.500<br \/>\n<\/strong>\u2013 Children: <strong>Free\u00a0<\/strong><\/li>\n<li><strong>Booking more accommodations<br \/>\n<\/strong>Each booking can not exceed 6 guests.  To book for more then please make a second booking.<\/li>\n<\/ol>\n<p>&nbsp;<\/p>","protected":false},"featured_media":8247,"template":"","meta":[],"product_brand":[142],"product_cat":[139,171],"product_tag":[152,153,156,155,157],"class_list":{"0":"post-9576","1":"product","2":"type-product","3":"status-publish","4":"has-post-thumbnail","6":"product_brand-pakkaferdir","7":"product_cat-pakkaferdir","8":"product_cat-tjold-pakkaferdir","9":"product_tag-dagur-1-landmannalaugar","10":"product_tag-dagur-2-hrafntinnusker","11":"product_tag-dagur-3-alftavatn","12":"product_tag-dagur-4-emstrur","13":"product_tag-dagur-5-thorsmork","15":"first","16":"instock","17":"virtual","18":"purchasable","19":"product-type-phive_booking_package"},"_links":{"self":[{"href":"https:\/\/vinna.fi.is\/en\/wp-json\/wp\/v2\/product\/9576","targetHints":{"allow":["GET"]}}],"collection":[{"href":"https:\/\/vinna.fi.is\/en\/wp-json\/wp\/v2\/product"}],"about":[{"href":"https:\/\/vinna.fi.is\/en\/wp-json\/wp\/v2\/types\/product"}],"wp:featuredmedia":[{"embeddable":true,"href":"https:\/\/vinna.fi.is\/en\/wp-json\/wp\/v2\/media\/8247"}],"wp:attachment":[{"href":"https:\/\/vinna.fi.is\/en\/wp-json\/wp\/v2\/media?parent=9576"}],"wp:term":[{"taxonomy":"product_brand","embeddable":true,"href":"https:\/\/vinna.fi.is\/en\/wp-json\/wp\/v2\/product_brand?post=9576"},{"taxonomy":"product_cat","embeddable":true,"href":"https:\/\/vinna.fi.is\/en\/wp-json\/wp\/v2\/product_cat?post=9576"},{"taxonomy":"product_tag","embeddable":true,"href":"https:\/\/vinna.fi.is\/en\/wp-json\/wp\/v2\/product_tag?post=9576"}],"curies":[{"name":"wp","href":"https:\/\/api.w.org\/{rel}","templated":true}]}}